{"id":111071,"date":"2023-02-07T17:09:24","date_gmt":"2023-02-07T16:09:24","guid":{"rendered":"https:\/\/blackoutparadox.com\/?page_id=111071"},"modified":"2026-05-03T22:17:50","modified_gmt":"2026-05-03T20:17:50","slug":"kde-nas-uvidite","status":"publish","type":"page","link":"https:\/\/blackoutparadox.com\/en\/kde-nas-uvidite\/","title":{"rendered":"Where You Can See Us"},"content":{"rendered":"<div class=\"wpb-content-wrapper\"><p>[vc_row row_height_percent=&#8221;100&#8243; override_padding=&#8221;yes&#8221; h_padding=&#8221;2&#8243; top_padding=&#8221;5&#8243; bottom_padding=&#8221;0&#8243; overlay_alpha=&#8221;50&#8243; gutter_size=&#8221;4&#8243; column_width_percent=&#8221;100&#8243; shift_y=&#8221;0&#8243; z_index=&#8221;0&#8243; uncode_shortcode_id=&#8221;195086&#8243;][vc_column column_width_percent=&#8221;100&#8243; gutter_size=&#8221;3&#8243; overlay_alpha=&#8221;50&#8243; shift_x=&#8221;0&#8243; shift_y=&#8221;0&#8243; shift_y_down=&#8221;0&#8243; z_index=&#8221;0&#8243; medium_width=&#8221;0&#8243; mobile_width=&#8221;0&#8243; width=&#8221;1\/2&#8243;][vc_single_image media=&#8221;111073&#8243; media_width_percent=&#8221;100&#8243; media_ratio=&#8221;five-four&#8221; alignment=&#8221;center&#8221; shadow=&#8221;yes&#8221; shadow_weight=&#8221;sm&#8221; uncode_shortcode_id=&#8221;204038&#8243;][\/vc_column][vc_column column_width_percent=&#8221;80&#8243; position_horizontal=&#8221;left&#8221; gutter_size=&#8221;2&#8243; style=&#8221;dark&#8221; overlay_alpha=&#8221;50&#8243; shift_x=&#8221;0&#8243; shift_y=&#8221;0&#8243; shift_y_down=&#8221;0&#8243; z_index=&#8221;0&#8243; align_medium=&#8221;align_center_tablet&#8221; medium_width=&#8221;0&#8243; align_mobile=&#8221;align_center_mobile&#8221; mobile_width=&#8221;0&#8243; width=&#8221;1\/2&#8243; uncode_shortcode_id=&#8221;159513&#8243;][vc_custom_heading text_size=&#8221;h1&#8243; uncode_shortcode_id=&#8221;284094&#8243;]Season 2026[\/vc_custom_heading][vc_column_text text_lead=&#8221;small&#8221; uncode_shortcode_id=&#8221;716603&#8243;]<span style=\"font-weight: 400;\">You can catch our performances at a variety of events including:<\/span><\/p>\n<ul>\n<li style=\"font-weight: 400;\" aria-level=\"1\"><b>Theatre festivals<\/b><\/li>\n<li style=\"font-weight: 400;\" aria-level=\"1\"><b>Street festivals<\/b><\/li>\n<li style=\"font-weight: 400;\" aria-level=\"1\"><b>Cultural events<\/b><\/li>\n<li style=\"font-weight: 400;\" aria-level=\"1\"><b>International expos and showcases<\/b><\/li>\n<li style=\"font-weight: 400;\" aria-level=\"1\"><b>Public space performances<\/b><\/li>\n<li style=\"font-weight: 400;\" aria-level=\"1\"><b>Corporate events and private shows<\/b><\/li>\n<\/ul>\n<p>&nbsp;<\/p>\n<p><strong>Event overview:<\/strong><\/p>\n<p data-start=\"146\" data-end=\"159\"><strong data-start=\"146\" data-end=\"159\">2026 TOUR<\/strong><\/p>\n<p data-start=\"161\" data-end=\"557\"><strong data-start=\"161\" data-end=\"189\">Jan 1 \/ 16:30 \/ Kn\u011b\u017eeves<\/strong> \u2013 New Year\u2019s Fire Show<br data-start=\"212\" data-end=\"215\" \/><strong data-start=\"215\" data-end=\"240\">Jan 1 \/ 17:30 \/ \u017datec<\/strong> \u2013 New Year\u2019s Fire Show<br data-start=\"263\" data-end=\"266\" \/><strong data-start=\"266\" data-end=\"305\">Jan 4 \/ 17:30 \/ Lib\u010dice nad Vltavou<\/strong> \u2013 Visitors (small version)<br data-start=\"332\" data-end=\"335\" \/><strong data-start=\"335\" data-end=\"358\">Jan 24 \/ Sokol Ball<\/strong> \u2013 Light Show<br data-start=\"371\" data-end=\"374\" \/><strong data-start=\"374\" data-end=\"406\">Jan 31 \/ 08:30\u201313:30 \/ \u017datec<\/strong> \u2013 Masopust Parade<br data-start=\"424\" data-end=\"427\" \/><strong data-start=\"427\" data-end=\"465\">Jan 31 \/ 18:00 \/ Prague, RockOpera<\/strong> \u2013 Frankenstein<br data-start=\"480\" data-end=\"483\" \/><strong data-start=\"483\" data-end=\"531\">Jan 31 \/ 23:00 \/ Cheb, KC Svoboda, City Ball<\/strong> \u2013 Celestials Light Show<\/p>\n<p data-start=\"559\" data-end=\"835\"><strong data-start=\"559\" data-end=\"596\">Feb 5 \/ 17:00 \/ Prague, RockOpera<\/strong> \u2013 The Exorcist<br data-start=\"611\" data-end=\"614\" \/><strong data-start=\"614\" data-end=\"656\">Feb 8 \/ 14:00\u201317:30 \/ Prague, Slivenec<\/strong> \u2013 Masopust Parade<br data-start=\"674\" data-end=\"677\" \/><strong data-start=\"677\" data-end=\"729\">Feb 21 \/ 22:30 \/ Turnov, KC St\u0159elnice, City Ball<\/strong> \u2013 Celestials Light Show<br data-start=\"753\" data-end=\"756\" \/><strong data-start=\"756\" data-end=\"812\">Feb 25 \/ 19:00 \/ Byst\u0159ice pod Pern\u0161tejnem, RockOpera<\/strong> \u2013 Ragnarock: Vikings<\/p>\n<p data-start=\"837\" data-end=\"1046\"><strong data-start=\"837\" data-end=\"874\">Mar 7 \/ 18:00 \/ Prague, RockOpera<\/strong> \u2013 Maria Madonna<br data-start=\"890\" data-end=\"893\" \/><strong data-start=\"893\" data-end=\"931\">Mar 14 \/ 18:00 \/ Prague, RockOpera<\/strong> \u2013 Troy<br data-start=\"938\" data-end=\"941\" \/><strong data-start=\"941\" data-end=\"980\">Mar 20 \/ 19:00 \/ Ostrava, RockOpera<\/strong> \u2013 Troy<br data-start=\"987\" data-end=\"990\" \/><strong data-start=\"990\" data-end=\"1029\">Mar 21 \/ 19:00 \/ Ostrava, RockOpera<\/strong> \u2013 The Exorcist<\/p>\n<p data-start=\"1048\" data-end=\"1496\"><strong data-start=\"1048\" data-end=\"1085\">Apr 8 \/ 19:00 \/ Prague, RockOpera<\/strong> \u2013 Lilith: Mother of Demons<br data-start=\"1112\" data-end=\"1115\" \/><strong data-start=\"1115\" data-end=\"1156\">Apr 11 \/ 19:30 \/ T\u00e1bor, Blavicon 2026<\/strong> \u2013 Deloraine Concert<br data-start=\"1176\" data-end=\"1179\" \/><strong data-start=\"1179\" data-end=\"1217\">Apr 18 \/ 18:00 \/ Prague, RockOpera<\/strong> \u2013 Faust<br data-start=\"1225\" data-end=\"1228\" \/><strong data-start=\"1228\" data-end=\"1263\">Apr 28 \/ 18:15 \/ Prague, ARCHA+<\/strong> \u2013 Beltine: Deloraine &amp; Irdorath Concert<br data-start=\"1303\" data-end=\"1306\" \/><strong data-start=\"1306\" data-end=\"1345\">Apr 30 \/ 18:15 \/ Brno, Sono Centrum<\/strong> \u2013 Beltine: Deloraine &amp; Irdorath Concert<br data-start=\"1385\" data-end=\"1388\" \/><strong data-start=\"1388\" data-end=\"1433\">Apr 30 \/ 20:00\u201323:15 \/ Jablonec nad Nisou<\/strong> \u2013 Witches Night at the Dam \u2013 4\u00d7 Fire Shows with MansterVille<\/p>\n<p data-start=\"1498\" data-end=\"1831\"><strong data-start=\"1498\" data-end=\"1553\">May 9 \/ 21:30 \/ Vorden, Netherlands, Elfia Festival<\/strong> \u2013 Deloraine Concert<br data-start=\"1573\" data-end=\"1576\" \/><strong data-start=\"1576\" data-end=\"1620\">May 21 \/ 21:30 \/ Prague, \u0160tvanice Island<\/strong> \u2013 Propane Punk Show with MansterVille<br data-start=\"1658\" data-end=\"1661\" \/><strong data-start=\"1661\" data-end=\"1725\">May 22 \/ 21:30 &amp; 22:30 \/ Mlad\u00e1 Boleslav Castle, Museum Night<\/strong> \u2013 Viktor Artner &amp; Sofie Pekaryk Duo<br data-start=\"1761\" data-end=\"1764\" \/><strong data-start=\"1764\" data-end=\"1805\">May 23 \/ 22:00 \/ Vod\u0148any Fishing Days<\/strong> \u2013 Light Show &amp; Visitors<\/p>\n<p data-start=\"1833\" data-end=\"2513\"><strong data-start=\"1833\" data-end=\"1875\">June 6\u20137 \/ Gala\u021bi Street Fest, Romania<\/strong> \u2013 Propane Punk Show with MansterVille<br data-start=\"1913\" data-end=\"1916\" \/><strong data-start=\"1916\" data-end=\"1967\">June 12 \/ Abenberg, Germany, Feuertanz Festival<\/strong> \u2013 Deloraine Concert<br data-start=\"1987\" data-end=\"1990\" \/><strong data-start=\"1990\" data-end=\"2010\">June 13 \/ Ose\u010dn\u00e1<\/strong> \u2013 Recombination<br data-start=\"2026\" data-end=\"2029\" \/><strong data-start=\"2029\" data-end=\"2058\">June 18 \/ Rijeka, Croatia<\/strong> \u2013 Illuminated Puppet Parade \u201cVisitors\u201d with V.O.S.A. Theatre<br data-start=\"2119\" data-end=\"2122\" \/><strong data-start=\"2122\" data-end=\"2170\">June 19 \/ Kyn\u017evart, Kyn\u017evart Puppet Festival<\/strong> \u2013 Creation<br data-start=\"2181\" data-end=\"2184\" \/><strong data-start=\"2184\" data-end=\"2213\">June 20 \/ 22:00 \/ Hole\u0161ov<\/strong> \u2013 Illuminated Puppet Parade \u201cVisitors\u201d with V.O.S.A. Theatre<br data-start=\"2274\" data-end=\"2277\" \/><strong data-start=\"2277\" data-end=\"2315\">June 20 \/ Nov\u00fd Bor, Glass Festival<\/strong> \u2013 Fire Show with MansterVille<br data-start=\"2345\" data-end=\"2348\" \/><strong data-start=\"2348\" data-end=\"2375\" data-is-only-node=\"\">June 26 \/ Toru\u0144, Poland<\/strong> \u2013 Illuminated Puppet Parade \u201cVisitors\u201d with V.O.S.A. Theatre<br data-start=\"2436\" data-end=\"2439\" \/><strong data-start=\"2439\" data-end=\"2495\">June 26 \/ Bratronice Rocket Base, Rusthaven Festival<\/strong> \u2013 Recombination<\/p>\n<p data-start=\"2515\" data-end=\"3037\"><strong data-start=\"2515\" data-end=\"2553\">July 1\u20134 \/ Ostrava, Beats for Love<\/strong> \u2013 Alien Shamans Fire Shows<br data-start=\"2580\" data-end=\"2583\" \/><strong data-start=\"2583\" data-end=\"2619\">July 1 \/ Chrudim Puppet Festival<\/strong> \u2013 Lion Puppet Taming with V.O.S.A. Theatre + Fire Show<br data-start=\"2674\" data-end=\"2677\" \/><strong data-start=\"2677\" data-end=\"2731\">July 4 \/ Zamo\u015b\u0107, Zamojskie Summer Theatre Festival<\/strong> \u2013 Creation<br data-start=\"2742\" data-end=\"2745\" \/><strong data-start=\"2745\" data-end=\"2782\">July 10 \/ Jelenia G\u00f3ra, 45th MFTU<\/strong> \u2013 Illuminated Puppet Parade \u201cVisitors\u201d with V.O.S.A. Theatre<br data-start=\"2843\" data-end=\"2846\" \/><strong data-start=\"2846\" data-end=\"2874\">July 22 \/ \u0160pilberk, Brno<\/strong> \u2013 Deloraine Concert<br data-start=\"2894\" data-end=\"2897\" \/><strong data-start=\"2897\" data-end=\"2923\">July 25 \/ Prague, Gau\u010d<\/strong> \u2013 Deloraine Concert<br data-start=\"2943\" data-end=\"2946\" \/><strong data-start=\"2946\" data-end=\"2974\">July 25 \/ \u010cesk\u00e9 Velenice<\/strong> \u2013 Illuminated Puppet Parade \u201cVisitors\u201d with V.O.S.A. Theatre<\/p>\n<p data-start=\"3039\" data-end=\"3178\"><strong data-start=\"3039\" data-end=\"3065\">Aug 19 \/ Theatrum Kuks<\/strong> \u2013 Baroque-Style Light Performance<br data-start=\"3099\" data-end=\"3102\" \/><strong data-start=\"3102\" data-end=\"3132\">Aug 29 \/ Protiv\u00edn Festival<\/strong> \u2013 Creation<br data-start=\"3143\" data-end=\"3146\" \/><strong data-start=\"3146\" data-end=\"3164\">Aug 29 \/ Cebiv<\/strong> \u2013 Fire Show<\/p>\n<p data-start=\"3180\" data-end=\"3329\"><strong data-start=\"3180\" data-end=\"3217\">Sep 4 \/ Kol\u00edn, Gaspar\u00e1da Festival<\/strong> \u2013 La Suerte Dulce &amp; Celestials<br data-start=\"3248\" data-end=\"3251\" \/><strong data-start=\"3251\" data-end=\"3293\">Sep 5 \/ D\u011b\u010d\u00edn, Street Theatre Festival<\/strong> \u2013 Recombination with MansterVille<\/p>\n<p data-start=\"3331\" data-end=\"3430\"><strong data-start=\"3331\" data-end=\"3367\">Oct 2 \/ Waiblingen Leuchtet 2026<\/strong> \u2013 Illuminated Puppet Parade \u201cVisitors\u201d with V.O.S.A. Theatre<\/p>\n<p data-start=\"3331\" data-end=\"3430\">The list is continuously being updated.<\/p>\n<p>[\/vc_column_text][\/vc_column][\/vc_row]<\/p>\n<\/div>","protected":false},"excerpt":{"rendered":"<p>[vc_row row_height_percent=&#8221;100&#8243; override_padding=&#8221;yes&#8221; h_padding=&#8221;2&#8243; top_padding=&#8221;5&#8243; bottom_padding=&#8221;0&#8243; overlay_alpha=&#8221;50&#8243; gutter_size=&#8221;4&#8243; column_width_percent=&#8221;100&#8243; shift_y=&#8221;0&#8243; z_index=&#8221;0&#8243; uncode_shortcode_id=&#8221;195086&#8243;][vc_column column_width_percent=&#8221;100&#8243; gutter_size=&#8221;3&#8243; overlay_alpha=&#8221;50&#8243; shift_x=&#8221;0&#8243; shift_y=&#8221;0&#8243; shift_y_down=&#8221;0&#8243; z_index=&#8221;0&#8243; medium_width=&#8221;0&#8243; [&hellip;]<\/p>\n","protected":false},"author":2,"featured_media":0,"parent":0,"menu_order":0,"comment_status":"closed","ping_status":"closed","template":"","meta":{"_seopress_robots_primary_cat":"","_seopress_titles_title":"Kde n\u00e1s uvid\u00edte - Sezona 2026","_seopress_titles_desc":"Obr\u00e1zky a videa jsou bezva, ale z\u00e1\u017eitek z performance nic nenahrad\u00ed. Term\u00edny p\u0159edstaven\u00ed a show st\u00e1le aktualizujeme.","_seopress_robots_index":"","footnotes":""},"class_list":["post-111071","page","type-page","status-publish","hentry"],"translation":{"provider":"WPGlobus","version":"3.0.1","language":"en","enabled_languages":["cz","en"],"languages":{"cz":{"title":true,"content":true,"excerpt":false},"en":{"title":true,"content":true,"excerpt":false}}},"_links":{"self":[{"href":"https:\/\/blackoutparadox.com\/en\/wp-json\/wp\/v2\/pages\/111071","targetHints":{"allow":["GET"]}}],"collection":[{"href":"https:\/\/blackoutparadox.com\/en\/wp-json\/wp\/v2\/pages"}],"about":[{"href":"https:\/\/blackoutparadox.com\/en\/wp-json\/wp\/v2\/types\/page"}],"author":[{"embeddable":true,"href":"https:\/\/blackoutparadox.com\/en\/wp-json\/wp\/v2\/users\/2"}],"replies":[{"embeddable":true,"href":"https:\/\/blackoutparadox.com\/en\/wp-json\/wp\/v2\/comments?post=111071"}],"version-history":[{"count":32,"href":"https:\/\/blackoutparadox.com\/en\/wp-json\/wp\/v2\/pages\/111071\/revisions"}],"predecessor-version":[{"id":111565,"href":"https:\/\/blackoutparadox.com\/en\/wp-json\/wp\/v2\/pages\/111071\/revisions\/111565"}],"wp:attachment":[{"href":"https:\/\/blackoutparadox.com\/en\/wp-json\/wp\/v2\/media?parent=111071"}],"curies":[{"name":"wp","href":"https:\/\/api.w.org\/{rel}","templated":true}]}}