{"id":110980,"date":"2022-04-14T16:07:48","date_gmt":"2022-04-14T14:07:48","guid":{"rendered":"https:\/\/blackoutparadox.com\/?page_id=110980"},"modified":"2025-02-14T18:00:33","modified_gmt":"2025-02-14T17:00:33","slug":"workshopy","status":"publish","type":"page","link":"https:\/\/blackoutparadox.com\/en\/workshopy\/","title":{"rendered":"Workshops"},"content":{"rendered":"<div class=\"wpb-content-wrapper\"><p>[vc_row row_height_percent=&#8221;0&#8243; override_padding=&#8221;yes&#8221; h_padding=&#8221;2&#8243; top_padding=&#8221;5&#8243; bottom_padding=&#8221;0&#8243; overlay_alpha=&#8221;50&#8243; gutter_size=&#8221;4&#8243; column_width_percent=&#8221;100&#8243; shift_y=&#8221;0&#8243; z_index=&#8221;0&#8243;][vc_column column_width_percent=&#8221;100&#8243; gutter_size=&#8221;3&#8243; overlay_alpha=&#8221;50&#8243; shift_x=&#8221;0&#8243; shift_y=&#8221;0&#8243; shift_y_down=&#8221;0&#8243; z_index=&#8221;0&#8243; medium_width=&#8221;0&#8243; mobile_width=&#8221;0&#8243; width=&#8221;1\/2&#8243;][vc_single_image media=&#8221;111005&#8243; media_width_percent=&#8221;100&#8243; media_ratio=&#8221;one-one&#8221; alignment=&#8221;center&#8221; shadow=&#8221;yes&#8221; shadow_weight=&#8221;sm&#8221; uncode_shortcode_id=&#8221;198195&#8243;][\/vc_column][vc_column column_width_percent=&#8221;80&#8243; position_horizontal=&#8221;left&#8221; gutter_size=&#8221;2&#8243; style=&#8221;dark&#8221; overlay_alpha=&#8221;50&#8243; shift_x=&#8221;0&#8243; shift_y=&#8221;0&#8243; shift_y_down=&#8221;0&#8243; z_index=&#8221;0&#8243; align_medium=&#8221;align_center_tablet&#8221; medium_width=&#8221;0&#8243; align_mobile=&#8221;align_center_mobile&#8221; mobile_width=&#8221;0&#8243; width=&#8221;1\/2&#8243; uncode_shortcode_id=&#8221;159513&#8243;][vc_custom_heading text_size=&#8221;h1&#8243; uncode_shortcode_id=&#8221;153600&#8243;]Workshops[\/vc_custom_heading][vc_column_text text_lead=&#8221;small&#8221; uncode_shortcode_id=&#8221;421937&#8243;]<span style=\"font-weight: 400;\">We offer movement and circus workshops for both children and adults, as part of team-building activities or as a program for festivals.<\/span><\/p>\n<p><b>Levels<\/b><span style=\"font-weight: 400;\">:<\/span><\/p>\n<ul>\n<li style=\"font-weight: 400;\" aria-level=\"1\"><span style=\"font-weight: 400;\">Beginners<\/span><\/li>\n<li style=\"font-weight: 400;\" aria-level=\"1\"><span style=\"font-weight: 400;\">Advanced<\/span><\/li>\n<li style=\"font-weight: 400;\" aria-level=\"1\"><span style=\"font-weight: 400;\">Master Class<\/span><\/li>\n<\/ul>\n<p><span style=\"font-weight: 400;\">If you&#8217;re interested in our workshops and want more information, don&#8217;t hesitate to contact us via email or phone. You can also find current lesson schedules on our <a href=\"https:\/\/www.facebook.com\/BlackoutParadoxCZ\">Facebook page<\/a>.<\/span>[\/vc_column_text][\/vc_column][\/vc_row][vc_row row_height_percent=&#8221;0&#8243; override_padding=&#8221;yes&#8221; h_padding=&#8221;2&#8243; top_padding=&#8221;0&#8243; bottom_padding=&#8221;5&#8243; back_color=&#8221;color-jevc&#8221; overlay_alpha=&#8221;50&#8243; gutter_size=&#8221;0&#8243; column_width_percent=&#8221;100&#8243; shift_y=&#8221;0&#8243; z_index=&#8221;1&#8243; uncode_shortcode_id=&#8221;592291&#8243; back_color_type=&#8221;uncode-palette&#8221;][vc_column column_width_percent=&#8221;100&#8243; gutter_size=&#8221;2&#8243; override_padding=&#8221;yes&#8221; column_padding=&#8221;3&#8243; style=&#8221;dark&#8221; back_color=&#8221;color-rgdb&#8221; overlay_alpha=&#8221;50&#8243; shadow=&#8221;lg&#8221; shift_x=&#8221;4&#8243; shift_y=&#8221;3&#8243; shift_y_down=&#8221;0&#8243; z_index=&#8221;2&#8243; align_medium=&#8221;align_center_tablet&#8221; medium_width=&#8221;0&#8243; align_mobile=&#8221;align_center_mobile&#8221; mobile_width=&#8221;0&#8243; width=&#8221;5\/12&#8243; uncode_shortcode_id=&#8221;482503&#8243; back_color_type=&#8221;uncode-palette&#8221;][vc_custom_heading heading_semantic=&#8221;h3&#8243; text_size=&#8221;h1&#8243; uncode_shortcode_id=&#8221;141398&#8243;]<b>Workshop Offerings<\/b><span style=\"font-weight: 400;\">:<\/span>[\/vc_custom_heading][uncode_list larger=&#8221;small&#8221; icon=&#8221;fa fa-minus2&#8243; uncode_shortcode_id=&#8221;299238&#8243;]<\/p>\n<ul>\n<li style=\"font-weight: 400;\" aria-level=\"1\"><b>Movement Workshop<\/b><span style=\"font-weight: 400;\"> (conscious, dynamic movement)<\/span><\/li>\n<li style=\"font-weight: 400;\" aria-level=\"1\"><b>Flow Arts Workshop<\/b><span style=\"font-weight: 400;\"> (basics and advanced techniques with various props)<\/span><\/li>\n<li style=\"font-weight: 400;\" aria-level=\"1\"><b>Circus School<\/b><span style=\"font-weight: 400;\"> (juggling of all kinds for children and families)<\/span><\/li>\n<li style=\"font-weight: 400;\" aria-level=\"1\"><b>Rhythm Workshop<\/b><span style=\"font-weight: 400;\"> (authentic expression, harmonization through various musical instruments, body awareness of music and rhythm)<\/span><\/li>\n<li style=\"font-weight: 400;\" aria-level=\"1\"><b>Stage Presence Workshop<\/b><span style=\"font-weight: 400;\"> (movement and expression on stage, in front of an audience)<\/span><\/li>\n<\/ul>\n<p>[\/uncode_list][\/vc_column][vc_column column_width_use_pixel=&#8221;yes&#8221; gutter_size=&#8221;3&#8243; style=&#8221;dark&#8221; overlay_alpha=&#8221;50&#8243; shift_x=&#8221;2&#8243; shift_y=&#8221;-5&#8243; shift_y_down=&#8221;0&#8243; z_index=&#8221;0&#8243; medium_width=&#8221;0&#8243; mobile_width=&#8221;0&#8243; width=&#8221;7\/12&#8243; column_width_pixel=&#8221;900&#8243;][vc_empty_space empty_h=&#8221;2&#8243; desktop_visibility=&#8221;yes&#8221;][vc_single_image media=&#8221;111002&#8243; media_width_percent=&#8221;100&#8243; media_ratio=&#8221;three-two&#8221; shadow=&#8221;yes&#8221; shadow_weight=&#8221;std&#8221; uncode_shortcode_id=&#8221;329246&#8243;][\/vc_column][\/vc_row]<\/p>\n<\/div>","protected":false},"excerpt":{"rendered":"<p>[vc_row row_height_percent=&#8221;0&#8243; override_padding=&#8221;yes&#8221; h_padding=&#8221;2&#8243; top_padding=&#8221;5&#8243; bottom_padding=&#8221;0&#8243; overlay_alpha=&#8221;50&#8243; gutter_size=&#8221;4&#8243; column_width_percent=&#8221;100&#8243; shift_y=&#8221;0&#8243; z_index=&#8221;0&#8243;][vc_column column_width_percent=&#8221;100&#8243; gutter_size=&#8221;3&#8243; overlay_alpha=&#8221;50&#8243; shift_x=&#8221;0&#8243; shift_y=&#8221;0&#8243; shift_y_down=&#8221;0&#8243; z_index=&#8221;0&#8243; medium_width=&#8221;0&#8243; mobile_width=&#8221;0&#8243; [&hellip;]<\/p>\n","protected":false},"author":2,"featured_media":0,"parent":0,"menu_order":0,"comment_status":"closed","ping_status":"closed","template":"","meta":{"_seopress_robots_primary_cat":"","_seopress_titles_title":"Workshopy - Blackout Paradox","_seopress_titles_desc":"Workshopy po\u0159\u00e1d\u00e1me pro z\u00e1jmov\u00e9 skupiny dosp\u011bl\u00fdch i d\u011bt\u00ed, v r\u00e1mci team buildingu nebo jako program na festivaly, slavnosti a dal\u0161\u00ed akce.","_seopress_robots_index":"","footnotes":""},"class_list":["post-110980","page","type-page","status-publish","hentry"],"translation":{"provider":"WPGlobus","version":"3.0.1","language":"en","enabled_languages":["cz","en"],"languages":{"cz":{"title":true,"content":true,"excerpt":false},"en":{"title":true,"content":true,"excerpt":false}}},"_links":{"self":[{"href":"https:\/\/blackoutparadox.com\/en\/wp-json\/wp\/v2\/pages\/110980","targetHints":{"allow":["GET"]}}],"collection":[{"href":"https:\/\/blackoutparadox.com\/en\/wp-json\/wp\/v2\/pages"}],"about":[{"href":"https:\/\/blackoutparadox.com\/en\/wp-json\/wp\/v2\/types\/page"}],"author":[{"embeddable":true,"href":"https:\/\/blackoutparadox.com\/en\/wp-json\/wp\/v2\/users\/2"}],"replies":[{"embeddable":true,"href":"https:\/\/blackoutparadox.com\/en\/wp-json\/wp\/v2\/comments?post=110980"}],"version-history":[{"count":38,"href":"https:\/\/blackoutparadox.com\/en\/wp-json\/wp\/v2\/pages\/110980\/revisions"}],"predecessor-version":[{"id":111412,"href":"https:\/\/blackoutparadox.com\/en\/wp-json\/wp\/v2\/pages\/110980\/revisions\/111412"}],"wp:attachment":[{"href":"https:\/\/blackoutparadox.com\/en\/wp-json\/wp\/v2\/media?parent=110980"}],"curies":[{"name":"wp","href":"https:\/\/api.w.org\/{rel}","templated":true}]}}