{"id":110643,"date":"2022-04-12T14:15:10","date_gmt":"2022-04-12T12:15:10","guid":{"rendered":"https:\/\/blackoutparadox.com\/?page_id=110643"},"modified":"2026-03-26T17:02:19","modified_gmt":"2026-03-26T16:02:19","slug":"kontakt","status":"publish","type":"page","link":"https:\/\/blackoutparadox.com\/en\/kontakt\/","title":{"rendered":"Contact"},"content":{"rendered":"<div class=\"wpb-content-wrapper\"><p>[vc_row unlock_row_content=&#8221;yes&#8221; row_height_percent=&#8221;100&#8243; override_padding=&#8221;yes&#8221; h_padding=&#8221;0&#8243; top_padding=&#8221;0&#8243; bottom_padding=&#8221;0&#8243; back_color=&#8221;color-jevc&#8221; overlay_alpha=&#8221;50&#8243; equal_height=&#8221;yes&#8221; gutter_size=&#8221;0&#8243; column_width_percent=&#8221;100&#8243; shift_y=&#8221;0&#8243; z_index=&#8221;0&#8243; el_class=&#8221;inverted-device-order&#8221; uncode_shortcode_id=&#8221;134288&#8243; back_color_type=&#8221;uncode-palette&#8221;][vc_column column_width_percent=&#8221;100&#8243; position_vertical=&#8221;middle&#8221; align_horizontal=&#8221;align_center&#8221; gutter_size=&#8221;3&#8243; override_padding=&#8221;yes&#8221; column_padding=&#8221;2&#8243; style=&#8221;dark&#8221; overlay_alpha=&#8221;50&#8243; shift_x=&#8221;0&#8243; shift_y=&#8221;0&#8243; shift_y_down=&#8221;0&#8243; z_index=&#8221;0&#8243; medium_width=&#8221;0&#8243; mobile_width=&#8221;0&#8243; width=&#8221;1\/2&#8243; uncode_shortcode_id=&#8221;129641&#8243;][vc_custom_heading heading_semantic=&#8221;h6&#8243; text_size=&#8221;h6&#8243; uncode_shortcode_id=&#8221;975115&#8243;]Booking:<\/p>\n<p>Linda Lomozov\u00e1<\/p>\n<p>~<\/p>\n<p><a href=\"mailto:produkce@blackoutparadox.com\"><span style=\"font-weight: 400;\">produkce@blackoutparadox.com<\/span><\/a><\/p>\n<p>~<\/p>\n<p><span style=\"font-weight: 400;\">+420 731 600 356<\/span><\/p>\n<p>&nbsp;<\/p>\n<p>&nbsp;<\/p>\n<p><a href=\"https:\/\/www.facebook.com\/BlackoutParadoxCZ\/\">Facebook<\/a><\/p>\n<p><a href=\"https:\/\/www.instagram.com\/BlackoutParadox\">Instagram<\/a><\/p>\n<p><a href=\"https:\/\/www.youtube.com\/@blackoutparadox2822\">YouTube<\/a>[\/vc_custom_heading][\/vc_column][vc_column column_width_percent=&#8221;100&#8243; gutter_size=&#8221;3&#8243; back_image=&#8221;110756&#8243; overlay_alpha=&#8221;50&#8243; shift_x=&#8221;0&#8243; shift_y=&#8221;0&#8243; shift_y_down=&#8221;0&#8243; z_index=&#8221;0&#8243; medium_width=&#8221;0&#8243; mobile_width=&#8221;0&#8243; width=&#8221;1\/2&#8243; mobile_height=&#8221;340&#8243; uncode_shortcode_id=&#8221;129104&#8243;][\/vc_column][\/vc_row]<\/p>\n<\/div>","protected":false},"excerpt":{"rendered":"<p>[vc_row unlock_row_content=&#8221;yes&#8221; row_height_percent=&#8221;100&#8243; override_padding=&#8221;yes&#8221; h_padding=&#8221;0&#8243; top_padding=&#8221;0&#8243; bottom_padding=&#8221;0&#8243; back_color=&#8221;color-jevc&#8221; overlay_alpha=&#8221;50&#8243; equal_height=&#8221;yes&#8221; gutter_size=&#8221;0&#8243; column_width_percent=&#8221;100&#8243; shift_y=&#8221;0&#8243; z_index=&#8221;0&#8243; el_class=&#8221;inverted-device-order&#8221; uncode_shortcode_id=&#8221;134288&#8243; back_color_type=&#8221;uncode-palette&#8221;][vc_column column_width_percent=&#8221;100&#8243; position_vertical=&#8221;middle&#8221; align_horizontal=&#8221;align_center&#8221; [&hellip;]<\/p>\n","protected":false},"author":1,"featured_media":0,"parent":0,"menu_order":0,"comment_status":"closed","ping_status":"closed","template":"","meta":{"_seopress_robots_primary_cat":"","_seopress_titles_title":"Kontakt %%sep%% Blackout Paradox %%sep%% Fire & Light show","_seopress_titles_desc":"Zaujala v\u00e1s na\u0161e tvorba? M\u00e1te z\u00e1jem o spolupr\u00e1ci? Zaj\u00edmaj\u00ed v\u00e1s na\u0161e workshopy? Nev\u00e1hejte kontaktovat na\u0161i produkci.","_seopress_robots_index":"","footnotes":""},"class_list":["post-110643","page","type-page","status-publish","hentry"],"translation":{"provider":"WPGlobus","version":"3.0.1","language":"en","enabled_languages":["cz","en"],"languages":{"cz":{"title":true,"content":true,"excerpt":false},"en":{"title":true,"content":true,"excerpt":false}}},"_links":{"self":[{"href":"https:\/\/blackoutparadox.com\/en\/wp-json\/wp\/v2\/pages\/110643","targetHints":{"allow":["GET"]}}],"collection":[{"href":"https:\/\/blackoutparadox.com\/en\/wp-json\/wp\/v2\/pages"}],"about":[{"href":"https:\/\/blackoutparadox.com\/en\/wp-json\/wp\/v2\/types\/page"}],"author":[{"embeddable":true,"href":"https:\/\/blackoutparadox.com\/en\/wp-json\/wp\/v2\/users\/1"}],"replies":[{"embeddable":true,"href":"https:\/\/blackoutparadox.com\/en\/wp-json\/wp\/v2\/comments?post=110643"}],"version-history":[{"count":40,"href":"https:\/\/blackoutparadox.com\/en\/wp-json\/wp\/v2\/pages\/110643\/revisions"}],"predecessor-version":[{"id":111551,"href":"https:\/\/blackoutparadox.com\/en\/wp-json\/wp\/v2\/pages\/110643\/revisions\/111551"}],"wp:attachment":[{"href":"https:\/\/blackoutparadox.com\/en\/wp-json\/wp\/v2\/media?parent=110643"}],"curies":[{"name":"wp","href":"https:\/\/api.w.org\/{rel}","templated":true}]}}