{"id":106,"date":"2022-04-06T17:31:51","date_gmt":"2022-04-06T15:31:51","guid":{"rendered":"https:\/\/blackoutparadox.com\/?page_id=106"},"modified":"2025-02-14T17:54:05","modified_gmt":"2025-02-14T16:54:05","slug":"reference","status":"publish","type":"page","link":"https:\/\/blackoutparadox.com\/en\/reference\/","title":{"rendered":"References \/"},"content":{"rendered":"<div class=\"wpb-content-wrapper\"><p>[vc_row unlock_row_content=&#8221;yes&#8221; row_height_percent=&#8221;0&#8243; override_padding=&#8221;yes&#8221; h_padding=&#8221;3&#8243; top_padding=&#8221;3&#8243; bottom_padding=&#8221;2&#8243; back_color=&#8221;color-jevc&#8221; overlay_alpha=&#8221;100&#8243; gutter_size=&#8221;100&#8243; column_width_percent=&#8221;100&#8243; shift_y=&#8221;0&#8243; z_index=&#8221;0&#8243; style=&#8221;inherited&#8221; uncode_shortcode_id=&#8221;138519&#8243; back_color_type=&#8221;uncode-palette&#8221;][vc_column column_width_percent=&#8221;100&#8243; position_horizontal=&#8221;left&#8221; position_vertical=&#8221;bottom&#8221; gutter_size=&#8221;3&#8243; style=&#8221;dark&#8221; overlay_alpha=&#8221;50&#8243; shift_x=&#8221;0&#8243; shift_y=&#8221;0&#8243; z_index=&#8221;0&#8243; medium_width=&#8221;0&#8243; zoom_width=&#8221;0&#8243; zoom_height=&#8221;0&#8243; width=&#8221;1\/1&#8243;][vc_custom_heading uncode_shortcode_id=&#8221;698903&#8243;]<\/p>\n<h1>References \/ Cooperation:<\/h1>\n<p>[\/vc_custom_heading][vc_column_text uncode_shortcode_id=&#8221;613830&#8243;]<span style=\"font-weight: 400;\">We collaborate closely with the following artistic groups, institutions, and agencies:<\/span><\/p>\n<p><a href=\"http:\/\/artprom.cz\/\"><span style=\"font-weight: 400;\">ArtProm<\/span><\/a><span style=\"font-weight: 400;\"> \/ <a href=\"https:\/\/www.artprometheus.cz\/\">ART Prometheus<\/a> \/ <\/span><a href=\"https:\/\/www.rockopera.cz\/\"><span style=\"font-weight: 400;\">RockOpera<\/span><\/a><span style=\"font-weight: 400;\"> \/ Delecto Production \/ <\/span><a href=\"https:\/\/www.mansterville.com\/\"><span style=\"font-weight: 400;\">MansterVille<\/span><\/a><span style=\"font-weight: 400;\"> \/ <\/span><a href=\"http:\/\/tnf.cz\/cs\"><span style=\"font-weight: 400;\">Teatr Novogo Fronta<\/span><\/a><span style=\"font-weight: 400;\"> \/ <\/span><a href=\"https:\/\/vosatheatre.cz\/\"><span style=\"font-weight: 400;\">V.O.S.A. Theatre<\/span><\/a><span style=\"font-weight: 400;\"> \/ <\/span><a href=\"https:\/\/www.facebook.com\/lightlabczech\"><span style=\"font-weight: 400;\">LightLab<\/span><\/a><span style=\"font-weight: 400;\"> \/ <\/span><a href=\"https:\/\/maskbureau.com\/\"><span style=\"font-weight: 400;\">Mask Bureau<\/span><\/a><span style=\"font-weight: 400;\"> \/ <\/span><a href=\"https:\/\/www.hopsej.cz\/\"><span style=\"font-weight: 400;\">Hopsej.cz<\/span><\/a>[\/vc_column_text][vc_custom_heading heading_semantic=&#8221;h5&#8243; text_font=&#8221;font-555555&#8243; text_size=&#8221;h5&#8243; uncode_shortcode_id=&#8221;822021&#8243;]<a href=\"https:\/\/blackoutparadox.com\/portfolio\/shamaniac\/\">Shamaniac<\/a>[\/vc_custom_heading][vc_column_text uncode_shortcode_id=&#8221;872310&#8243;]<span style=\"font-weight: 400;\">Photos from performances at theater and circus festivals like Letn\u00ed Letn\u00e1, CirkUff, Krajinka, Letn\u00ed bl\u00e1zn\u011bn\u00ed, Za Dve\u0159mi, Komedianti v ulic\u00edch, Gaspar\u00e1da, and others..<\/span>[\/vc_column_text][vc_gallery el_id=&#8221;gallery-43823678&#8243; isotope_mode=&#8221;packery&#8221; medias=&#8221;110810,110805,110812,110818,110808,110821,110819,110798,110817,110816,110814,110813,110809,110807,110806,110803,110800,110799,110796,110793,110791,110787,110786,110785,110784&#8243; explode_albums=&#8221;yes&#8221; filtering=&#8221;yes&#8221; filtering_full_width=&#8221;yes&#8221; filtering_position=&#8221;right&#8221; filtering_uppercase=&#8221;yes&#8221; filter_mobile=&#8221;yes&#8221; filter_all_opposite=&#8221;yes&#8221; gutter_size=&#8221;2&#8243; media_items=&#8221;media,icon&#8221; screen_lg=&#8221;1100&#8243; screen_md=&#8221;760&#8243; screen_sm=&#8221;100&#8243; single_width=&#8221;2&#8243; single_overlay_opacity=&#8221;50&#8243; single_h_align=&#8221;center&#8221; single_padding=&#8221;2&#8243; single_icon=&#8221;fa fa-plus2&#8243; single_border=&#8221;yes&#8221; single_css_animation=&#8221;zoom-in&#8221; lbox_caption=&#8221;yes&#8221; lbox_social=&#8221;yes&#8221; carousel_rtl=&#8221;&#8221; single_title_uppercase=&#8221;&#8221; single_title_serif=&#8221;&#8221; single_no_background=&#8221;&#8221; uncode_shortcode_id=&#8221;105416&#8243;][\/vc_column][\/vc_row][vc_row unlock_row_content=&#8221;yes&#8221; row_height_percent=&#8221;0&#8243; override_padding=&#8221;yes&#8221; h_padding=&#8221;3&#8243; top_padding=&#8221;2&#8243; bottom_padding=&#8221;2&#8243; back_color=&#8221;color-jevc&#8221; overlay_alpha=&#8221;100&#8243; gutter_size=&#8221;100&#8243; column_width_percent=&#8221;100&#8243; shift_y=&#8221;0&#8243; z_index=&#8221;0&#8243; style=&#8221;inherited&#8221; uncode_shortcode_id=&#8221;159609&#8243; back_color_type=&#8221;uncode-palette&#8221;][vc_column column_width_percent=&#8221;100&#8243; position_horizontal=&#8221;left&#8221; position_vertical=&#8221;bottom&#8221; gutter_size=&#8221;3&#8243; style=&#8221;dark&#8221; overlay_alpha=&#8221;50&#8243; shift_x=&#8221;0&#8243; shift_y=&#8221;0&#8243; z_index=&#8221;0&#8243; medium_width=&#8221;0&#8243; zoom_width=&#8221;0&#8243; zoom_height=&#8221;0&#8243; width=&#8221;1\/1&#8243;][vc_custom_heading heading_semantic=&#8221;h5&#8243; text_font=&#8221;font-555555&#8243; text_size=&#8221;h5&#8243; uncode_shortcode_id=&#8221;135217&#8243;]<a href=\"https:\/\/www.facebook.com\/lightlabczech\">LightLab<\/a>[\/vc_custom_heading][vc_column_text uncode_shortcode_id=&#8221;911901&#8243;]<span style=\"font-weight: 400;\">Merging new technologies with theatre.<\/span><span style=\"font-weight: 400;\"><br \/>\n<\/span><span style=\"font-weight: 400;\">Parades, street theatre, festivals, and the World Expo\u2014everywhere you can find striking glowing objects, puppets, and installations created in<\/span>\u00a0<a class=\"oajrlxb2 g5ia77u1 qu0x051f esr5mh6w e9989ue4 r7d6kgcz rq0escxv nhd2j8a9 nc684nl6 p7hjln8o kvgmc6g5 cxmmr5t8 oygrvhab hcukyx3x jb3vyjys rz4wbd8a qt6c0cv9 a8nywdso i1ao9s8h esuyzwwr f1sip0of lzcic4wl gpro0wi8 q66pz984 b1v8xokw\" tabindex=\"0\" role=\"link\" href=\"https:\/\/www.facebook.com\/lightlabczech\/?__cft__[0]=AZVudJe5jLbyR7b4Qq3SyzDsAfpVV8QU-bh6n05VJwfVUDusaqqGCy6p_0xJv7us_wxg2zEd52CfTLRw-Xc1O_gKud2bYVjrfWq2Tu7qxdZUN4XaSvZaup9TED096k4WAwEUXxflSMrlZdysT-I-Pv09&amp;__tn__=kK-R\"><span class=\"nc684nl6\">LightLab<\/span><\/a>.[\/vc_column_text][vc_gallery el_id=&#8221;gallery-43823678&#8243; isotope_mode=&#8221;packery&#8221; medias=&#8221;110869,110868,110866,110864,110863,110862,110861,110860,110858,110857,110855,110853,110852,110849,110848,110844,110842,110841,110836,110832,110830,110827,110828,110829&#8243; explode_albums=&#8221;yes&#8221; filtering=&#8221;yes&#8221; filtering_full_width=&#8221;yes&#8221; filtering_position=&#8221;right&#8221; filtering_uppercase=&#8221;yes&#8221; filter_mobile=&#8221;yes&#8221; filter_all_opposite=&#8221;yes&#8221; gutter_size=&#8221;2&#8243; media_items=&#8221;media,icon&#8221; screen_lg=&#8221;1100&#8243; screen_md=&#8221;760&#8243; screen_sm=&#8221;100&#8243; single_width=&#8221;2&#8243; single_overlay_opacity=&#8221;50&#8243; single_h_align=&#8221;center&#8221; single_padding=&#8221;2&#8243; single_icon=&#8221;fa fa-plus2&#8243; single_border=&#8221;yes&#8221; single_css_animation=&#8221;zoom-in&#8221; lbox_caption=&#8221;yes&#8221; lbox_social=&#8221;yes&#8221; carousel_rtl=&#8221;&#8221; single_title_uppercase=&#8221;&#8221; single_title_serif=&#8221;&#8221; single_no_background=&#8221;&#8221; uncode_shortcode_id=&#8221;150982&#8243;][\/vc_column][\/vc_row][vc_row unlock_row_content=&#8221;yes&#8221; row_height_percent=&#8221;0&#8243; override_padding=&#8221;yes&#8221; h_padding=&#8221;3&#8243; top_padding=&#8221;2&#8243; bottom_padding=&#8221;2&#8243; back_color=&#8221;color-jevc&#8221; overlay_alpha=&#8221;100&#8243; gutter_size=&#8221;100&#8243; column_width_percent=&#8221;100&#8243; shift_y=&#8221;0&#8243; z_index=&#8221;0&#8243; style=&#8221;inherited&#8221; uncode_shortcode_id=&#8221;159609&#8243; back_color_type=&#8221;uncode-palette&#8221;][vc_column column_width_percent=&#8221;100&#8243; position_horizontal=&#8221;left&#8221; position_vertical=&#8221;bottom&#8221; gutter_size=&#8221;3&#8243; style=&#8221;dark&#8221; overlay_alpha=&#8221;50&#8243; shift_x=&#8221;0&#8243; shift_y=&#8221;0&#8243; z_index=&#8221;0&#8243; medium_width=&#8221;0&#8243; zoom_width=&#8221;0&#8243; zoom_height=&#8221;0&#8243; width=&#8221;1\/1&#8243;][vc_custom_heading heading_semantic=&#8221;h5&#8243; text_font=&#8221;font-555555&#8243; text_size=&#8221;h5&#8243; uncode_shortcode_id=&#8221;213692&#8243;]<b>Czech National Day at EXPO 2020 Dubai<\/b>[\/vc_custom_heading][vc_column_text uncode_shortcode_id=&#8221;143114&#8243;]<span style=\"font-weight: 400;\">Together with talented colleagues from V.O.S.A. Theatre and Brat\u0159i v tricku, we represented Czech culture at the Czech National Day at the Expo in Dubai. In our free time, we couldn&#8217;t resist the chance to take photos at breathtaking locations.<\/span>[\/vc_column_text][vc_gallery el_id=&#8221;gallery-43823678&#8243; isotope_mode=&#8221;packery&#8221; medias=&#8221;110901,110900,110898,110894,110893,110891,110889,110887,110884,110880,110874,110890,110875,110872,110883,110892&#8243; explode_albums=&#8221;yes&#8221; filtering=&#8221;yes&#8221; filtering_full_width=&#8221;yes&#8221; filtering_position=&#8221;right&#8221; filtering_uppercase=&#8221;yes&#8221; filter_mobile=&#8221;yes&#8221; filter_all_opposite=&#8221;yes&#8221; gutter_size=&#8221;2&#8243; media_items=&#8221;media,icon&#8221; screen_lg=&#8221;1100&#8243; screen_md=&#8221;760&#8243; screen_sm=&#8221;100&#8243; single_width=&#8221;2&#8243; single_overlay_opacity=&#8221;50&#8243; single_h_align=&#8221;center&#8221; single_padding=&#8221;2&#8243; single_icon=&#8221;fa fa-plus2&#8243; single_border=&#8221;yes&#8221; single_css_animation=&#8221;zoom-in&#8221; lbox_caption=&#8221;yes&#8221; lbox_social=&#8221;yes&#8221; carousel_rtl=&#8221;&#8221; single_title_uppercase=&#8221;&#8221; single_title_serif=&#8221;&#8221; single_no_background=&#8221;&#8221; uncode_shortcode_id=&#8221;165031&#8243;][\/vc_column][\/vc_row][vc_row unlock_row_content=&#8221;yes&#8221; row_height_percent=&#8221;0&#8243; override_padding=&#8221;yes&#8221; h_padding=&#8221;3&#8243; top_padding=&#8221;2&#8243; bottom_padding=&#8221;2&#8243; back_color=&#8221;color-jevc&#8221; overlay_alpha=&#8221;100&#8243; gutter_size=&#8221;100&#8243; column_width_percent=&#8221;100&#8243; shift_y=&#8221;0&#8243; z_index=&#8221;0&#8243; style=&#8221;inherited&#8221; uncode_shortcode_id=&#8221;159609&#8243; back_color_type=&#8221;uncode-palette&#8221;][vc_column column_width_percent=&#8221;100&#8243; position_horizontal=&#8221;left&#8221; position_vertical=&#8221;bottom&#8221; gutter_size=&#8221;3&#8243; style=&#8221;dark&#8221; overlay_alpha=&#8221;50&#8243; shift_x=&#8221;0&#8243; shift_y=&#8221;0&#8243; z_index=&#8221;0&#8243; medium_width=&#8221;0&#8243; zoom_width=&#8221;0&#8243; zoom_height=&#8221;0&#8243; width=&#8221;1\/1&#8243;][vc_custom_heading heading_semantic=&#8221;h5&#8243; text_font=&#8221;font-555555&#8243; text_size=&#8221;h5&#8243; uncode_shortcode_id=&#8221;170527&#8243;]<b>Opening Ceremony Let It Roll 2020<\/b>[\/vc_custom_heading][vc_column_text uncode_shortcode_id=&#8221;162435&#8243;]<span style=\"font-weight: 400;\">The performance was created in collaboration with Mask Bureau and AirGym Art Company.<\/span>[\/vc_column_text][vc_gallery el_id=&#8221;gallery-43823678&#8243; isotope_mode=&#8221;packery&#8221; medias=&#8221;110934,110935,110944,110946,110948,110949,110950,110951,110953,110955,110957&#8243; explode_albums=&#8221;yes&#8221; filtering=&#8221;yes&#8221; filtering_full_width=&#8221;yes&#8221; filtering_position=&#8221;right&#8221; filtering_uppercase=&#8221;yes&#8221; filter_mobile=&#8221;yes&#8221; filter_all_opposite=&#8221;yes&#8221; gutter_size=&#8221;2&#8243; media_items=&#8221;media,icon&#8221; screen_lg=&#8221;1100&#8243; screen_md=&#8221;760&#8243; screen_sm=&#8221;100&#8243; single_width=&#8221;2&#8243; single_overlay_opacity=&#8221;50&#8243; single_h_align=&#8221;center&#8221; single_padding=&#8221;2&#8243; single_icon=&#8221;fa fa-plus2&#8243; single_border=&#8221;yes&#8221; single_css_animation=&#8221;zoom-in&#8221; lbox_caption=&#8221;yes&#8221; lbox_social=&#8221;yes&#8221; carousel_rtl=&#8221;&#8221; single_title_uppercase=&#8221;&#8221; single_title_serif=&#8221;&#8221; single_no_background=&#8221;&#8221; uncode_shortcode_id=&#8221;170322&#8243;][\/vc_column][\/vc_row][vc_row unlock_row_content=&#8221;yes&#8221; row_height_percent=&#8221;0&#8243; override_padding=&#8221;yes&#8221; h_padding=&#8221;3&#8243; top_padding=&#8221;2&#8243; bottom_padding=&#8221;2&#8243; back_color=&#8221;color-jevc&#8221; overlay_alpha=&#8221;100&#8243; gutter_size=&#8221;100&#8243; column_width_percent=&#8221;100&#8243; shift_y=&#8221;0&#8243; z_index=&#8221;0&#8243; style=&#8221;inherited&#8221; uncode_shortcode_id=&#8221;159609&#8243; back_color_type=&#8221;uncode-palette&#8221;][vc_column column_width_percent=&#8221;100&#8243; position_horizontal=&#8221;left&#8221; position_vertical=&#8221;bottom&#8221; gutter_size=&#8221;3&#8243; style=&#8221;dark&#8221; overlay_alpha=&#8221;50&#8243; shift_x=&#8221;0&#8243; shift_y=&#8221;0&#8243; z_index=&#8221;0&#8243; medium_width=&#8221;0&#8243; zoom_width=&#8221;0&#8243; zoom_height=&#8221;0&#8243; width=&#8221;1\/1&#8243;][vc_custom_heading heading_semantic=&#8221;h5&#8243; text_font=&#8221;font-555555&#8243; text_size=&#8221;h5&#8243; uncode_shortcode_id=&#8221;166024&#8243;]RockOpera Praha[\/vc_custom_heading][vc_column_text uncode_shortcode_id=&#8221;153167&#8243;]<span style=\"font-weight: 400;\">Performers from Blackout Paradox can be seen in performances such as <\/span><i><span style=\"font-weight: 400;\">Maria Madonna<\/span><\/i><span style=\"font-weight: 400;\">, <\/span><i><span style=\"font-weight: 400;\">Vym\u00edta\u010d<\/span><\/i><span style=\"font-weight: 400;\">, <\/span><i><span style=\"font-weight: 400;\">Frankenstein<\/span><\/i><span style=\"font-weight: 400;\">, <\/span><i><span style=\"font-weight: 400;\">Bardo Th\u00f6dol<\/span><\/i><span style=\"font-weight: 400;\">, <\/span><i><span style=\"font-weight: 400;\">Faust<\/span><\/i><span style=\"font-weight: 400;\">, <\/span><i><span style=\"font-weight: 400;\">Tr\u00f3ja<\/span><\/i><span style=\"font-weight: 400;\">\u2026<\/span>[\/vc_column_text][vc_gallery el_id=&#8221;gallery-43823678&#8243; isotope_mode=&#8221;packery&#8221; medias=&#8221;110959,110960,110961,110963,110964,110965,110966,110967,110968,110970,110971,110972,110974,110975,110977&#8243; explode_albums=&#8221;yes&#8221; filtering=&#8221;yes&#8221; filtering_full_width=&#8221;yes&#8221; filtering_position=&#8221;right&#8221; filtering_uppercase=&#8221;yes&#8221; filter_mobile=&#8221;yes&#8221; filter_all_opposite=&#8221;yes&#8221; gutter_size=&#8221;2&#8243; media_items=&#8221;media,icon&#8221; screen_lg=&#8221;1100&#8243; screen_md=&#8221;760&#8243; screen_sm=&#8221;100&#8243; single_width=&#8221;2&#8243; single_overlay_opacity=&#8221;50&#8243; single_h_align=&#8221;center&#8221; single_padding=&#8221;2&#8243; single_icon=&#8221;fa fa-plus2&#8243; single_border=&#8221;yes&#8221; single_css_animation=&#8221;zoom-in&#8221; lbox_caption=&#8221;yes&#8221; lbox_social=&#8221;yes&#8221; carousel_rtl=&#8221;&#8221; single_title_uppercase=&#8221;&#8221; single_title_serif=&#8221;&#8221; single_no_background=&#8221;&#8221; uncode_shortcode_id=&#8221;979964&#8243;][\/vc_column][\/vc_row]<\/p>\n<\/div>","protected":false},"excerpt":{"rendered":"<p>[vc_row unlock_row_content=&#8221;yes&#8221; row_height_percent=&#8221;0&#8243; override_padding=&#8221;yes&#8221; h_padding=&#8221;3&#8243; top_padding=&#8221;3&#8243; bottom_padding=&#8221;2&#8243; back_color=&#8221;color-jevc&#8221; overlay_alpha=&#8221;100&#8243; gutter_size=&#8221;100&#8243; column_width_percent=&#8221;100&#8243; shift_y=&#8221;0&#8243; z_index=&#8221;0&#8243; style=&#8221;inherited&#8221; uncode_shortcode_id=&#8221;138519&#8243; back_color_type=&#8221;uncode-palette&#8221;][vc_column column_width_percent=&#8221;100&#8243; position_horizontal=&#8221;left&#8221; position_vertical=&#8221;bottom&#8221; gutter_size=&#8221;3&#8243; [&hellip;]<\/p>\n","protected":false},"author":1,"featured_media":0,"parent":0,"menu_order":0,"comment_status":"closed","ping_status":"closed","template":"","meta":{"_seopress_robots_primary_cat":"","_seopress_titles_title":"Galerie - Blackout Paradox - Fire & Light Show & Pouli\u010dn\u00ed divadlo","_seopress_titles_desc":"Fotky z na\u0161ich fire a light show a dal\u0161\u00edch vystoupen\u00ed na festivalech Letn\u00ed Letn\u00e1, Za Dve\u0159mi, Carnawal Sztukmistrz\u00f3w, ze sv\u011btov\u00e9 v\u00fdstavy EXPO a dal\u0161\u00edch akc\u00ed...","_seopress_robots_index":"","footnotes":""},"class_list":["post-106","page","type-page","status-publish","hentry"],"translation":{"provider":"WPGlobus","version":"3.0.1","language":"en","enabled_languages":["cz","en"],"languages":{"cz":{"title":true,"content":true,"excerpt":false},"en":{"title":true,"content":true,"excerpt":false}}},"_links":{"self":[{"href":"https:\/\/blackoutparadox.com\/en\/wp-json\/wp\/v2\/pages\/106","targetHints":{"allow":["GET"]}}],"collection":[{"href":"https:\/\/blackoutparadox.com\/en\/wp-json\/wp\/v2\/pages"}],"about":[{"href":"https:\/\/blackoutparadox.com\/en\/wp-json\/wp\/v2\/types\/page"}],"author":[{"embeddable":true,"href":"https:\/\/blackoutparadox.com\/en\/wp-json\/wp\/v2\/users\/1"}],"replies":[{"embeddable":true,"href":"https:\/\/blackoutparadox.com\/en\/wp-json\/wp\/v2\/comments?post=106"}],"version-history":[{"count":28,"href":"https:\/\/blackoutparadox.com\/en\/wp-json\/wp\/v2\/pages\/106\/revisions"}],"predecessor-version":[{"id":111411,"href":"https:\/\/blackoutparadox.com\/en\/wp-json\/wp\/v2\/pages\/106\/revisions\/111411"}],"wp:attachment":[{"href":"https:\/\/blackoutparadox.com\/en\/wp-json\/wp\/v2\/media?parent=106"}],"curies":[{"name":"wp","href":"https:\/\/api.w.org\/{rel}","templated":true}]}}