{"id":102,"date":"2022-04-06T14:00:47","date_gmt":"2022-04-06T12:00:47","guid":{"rendered":"https:\/\/blackoutparadox.com\/?page_id=102"},"modified":"2025-02-14T17:33:50","modified_gmt":"2025-02-14T16:33:50","slug":"repertoar","status":"publish","type":"page","link":"https:\/\/blackoutparadox.com\/en\/repertoar\/","title":{"rendered":"Repertoire"},"content":{"rendered":"<div class=\"wpb-content-wrapper\"><p>[vc_row unlock_row_content=&#8221;yes&#8221; row_height_percent=&#8221;5&#8243; override_padding=&#8221;yes&#8221; h_padding=&#8221;0&#8243; top_padding=&#8221;2&#8243; bottom_padding=&#8221;0&#8243; back_color=&#8221;color-jevc&#8221; overlay_alpha=&#8221;0&#8243; gutter_size=&#8221;100&#8243; column_width_percent=&#8221;100&#8243; shift_y=&#8221;0&#8243; z_index=&#8221;0&#8243; style=&#8221;dark&#8221; uncode_shortcode_id=&#8221;234275&#8243; back_color_type=&#8221;uncode-palette&#8221;][vc_column column_width_percent=&#8221;100&#8243; gutter_size=&#8221;3&#8243; style=&#8221;dark&#8221; overlay_alpha=&#8221;50&#8243; shift_x=&#8221;0&#8243; shift_y=&#8221;0&#8243; shift_y_down=&#8221;0&#8243; z_index=&#8221;0&#8243; medium_width=&#8221;0&#8243; mobile_width=&#8221;0&#8243; width=&#8221;1\/1&#8243; uncode_shortcode_id=&#8221;976915&#8243;][\/vc_column][\/vc_row][vc_row unlock_row_content=&#8221;yes&#8221; row_height_percent=&#8221;0&#8243; override_padding=&#8221;yes&#8221; h_padding=&#8221;0&#8243; top_padding=&#8221;2&#8243; bottom_padding=&#8221;2&#8243; back_color=&#8221;color-jevc&#8221; overlay_alpha=&#8221;0&#8243; gutter_size=&#8221;100&#8243; column_width_percent=&#8221;100&#8243; shift_y=&#8221;0&#8243; z_index=&#8221;0&#8243; style=&#8221;dark&#8221; uncode_shortcode_id=&#8221;161231&#8243; back_color_type=&#8221;uncode-palette&#8221;][vc_column column_width_percent=&#8221;100&#8243; gutter_size=&#8221;3&#8243; style=&#8221;dark&#8221; overlay_alpha=&#8221;50&#8243; shift_x=&#8221;0&#8243; shift_y=&#8221;0&#8243; shift_y_down=&#8221;0&#8243; z_index=&#8221;0&#8243; medium_width=&#8221;0&#8243; mobile_width=&#8221;0&#8243; width=&#8221;1\/1&#8243; uncode_shortcode_id=&#8221;976915&#8243;][uncode_index el_id=&#8221;index-1&#8243; loop=&#8221;size:All|order_by:date|order:DESC|post_type:portfolio|taxonomy_count:10&#8243; index_back_color=&#8221;color-jevc&#8221; screen_lg=&#8221;1000&#8243; screen_md=&#8221;600&#8243; screen_sm=&#8221;600&#8243; filtering=&#8221;yes&#8221; filter_style=&#8221;dark&#8221; filtering_uppercase=&#8221;yes&#8221; filter_back_color=&#8221;color-jevc&#8221; filtering_position=&#8221;center&#8221; filter_sticky=&#8221;yes&#8221; gutter_size=&#8221;0&#8243; post_items=&#8221;title,media,text,link,author,date,category,extra&#8221; page_items=&#8221;title,media,text,category&#8221; product_items=&#8221;title,media,text,category,price&#8221; portfolio_items=&#8221;media|featured|onpost|original,title,category|nobg|relative|display-icon&#8221; single_text=&#8221;overlay&#8221; images_size=&#8221;four-three&#8221; single_overlay_color=&#8221;color-jevc&#8221; single_overlay_opacity=&#8221;40&#8243; single_overlay_visible=&#8221;yes&#8221; single_text_visible=&#8221;yes&#8221; single_h_align=&#8221;center&#8221; single_reduced=&#8221;three_quarter&#8221; single_reduced_mobile=&#8221;yes&#8221; single_h_position=&#8221;center&#8221; single_padding=&#8221;2&#8243; single_text_reduced=&#8221;yes&#8221; single_title_semantic=&#8221;h2&#8243; single_title_family=&#8221;font-555555&#8243; single_title_dimension=&#8221;h2&#8243; single_title_weight=&#8221;700&#8243; single_border=&#8221;yes&#8221; single_css_animation=&#8221;bottom-t-top&#8221; single_animation_delay=&#8221;200&#8243; single_image_anim_move=&#8221;yes&#8221; single_block_click=&#8221;yes&#8221; single_text_hover=&#8221;yes&#8221; single_no_background=&#8221;&#8221; single_title_uppercase=&#8221;&#8221; single_title_serif=&#8221;&#8221; single_title_divider=&#8221;&#8221; single_title_bold=&#8221;&#8221; single_half_padding=&#8221;&#8221; footer_position=&#8221;left&#8221; carousel_rtl=&#8221;&#8221; filtering_transform=&#8221;&#8221; single_icon=&#8221;fa fa-plus2&#8243; uncode_shortcode_id=&#8221;131757&#8243; index_back_color_type=&#8221;uncode-palette&#8221; filter_all_text=&#8221;Uk\u00e1zat v\u0161e&#8221; filter_back_color_type=&#8221;uncode-palette&#8221;][\/vc_column][\/vc_row]<\/p>\n<\/div>","protected":false},"excerpt":{"rendered":"<p>[vc_row unlock_row_content=&#8221;yes&#8221; row_height_percent=&#8221;5&#8243; override_padding=&#8221;yes&#8221; h_padding=&#8221;0&#8243; top_padding=&#8221;2&#8243; bottom_padding=&#8221;0&#8243; back_color=&#8221;color-jevc&#8221; overlay_alpha=&#8221;0&#8243; gutter_size=&#8221;100&#8243; column_width_percent=&#8221;100&#8243; shift_y=&#8221;0&#8243; z_index=&#8221;0&#8243; style=&#8221;dark&#8221; uncode_shortcode_id=&#8221;234275&#8243; back_color_type=&#8221;uncode-palette&#8221;][vc_column column_width_percent=&#8221;100&#8243; gutter_size=&#8221;3&#8243; style=&#8221;dark&#8221; overlay_alpha=&#8221;50&#8243; [&hellip;]<\/p>\n","protected":false},"author":1,"featured_media":0,"parent":0,"menu_order":0,"comment_status":"closed","ping_status":"closed","template":"","meta":{"_seopress_robots_primary_cat":"","_seopress_titles_title":"Reperto\u00e1r - Blackout Paradox - Show & Pouli\u010dn\u00ed divadlo","_seopress_titles_desc":"Ohniv\u00e9 a sv\u011bteln\u00e9 show, pouli\u010dn\u00ed divadlo, animace i spolupr\u00e1ce s dal\u0161\u00edmi skv\u011bl\u00fdmi soubory a produkcemi. Pod\u00edvejte se na na\u0161i tvorbu.","_seopress_robots_index":"","footnotes":""},"class_list":["post-102","page","type-page","status-publish","hentry"],"translation":{"provider":"WPGlobus","version":"3.0.1","language":"en","enabled_languages":["cz","en"],"languages":{"cz":{"title":true,"content":true,"excerpt":false},"en":{"title":true,"content":true,"excerpt":false}}},"_links":{"self":[{"href":"https:\/\/blackoutparadox.com\/en\/wp-json\/wp\/v2\/pages\/102","targetHints":{"allow":["GET"]}}],"collection":[{"href":"https:\/\/blackoutparadox.com\/en\/wp-json\/wp\/v2\/pages"}],"about":[{"href":"https:\/\/blackoutparadox.com\/en\/wp-json\/wp\/v2\/types\/page"}],"author":[{"embeddable":true,"href":"https:\/\/blackoutparadox.com\/en\/wp-json\/wp\/v2\/users\/1"}],"replies":[{"embeddable":true,"href":"https:\/\/blackoutparadox.com\/en\/wp-json\/wp\/v2\/comments?post=102"}],"version-history":[{"count":15,"href":"https:\/\/blackoutparadox.com\/en\/wp-json\/wp\/v2\/pages\/102\/revisions"}],"predecessor-version":[{"id":111410,"href":"https:\/\/blackoutparadox.com\/en\/wp-json\/wp\/v2\/pages\/102\/revisions\/111410"}],"wp:attachment":[{"href":"https:\/\/blackoutparadox.com\/en\/wp-json\/wp\/v2\/media?parent=102"}],"curies":[{"name":"wp","href":"https:\/\/api.w.org\/{rel}","templated":true}]}}